{"id":629,"date":"2026-02-20T17:22:14","date_gmt":"2026-02-20T17:22:14","guid":{"rendered":"https:\/\/py1.com\/?page_id=629"},"modified":"2026-03-11T19:10:09","modified_gmt":"2026-03-11T19:10:09","slug":"stella","status":"publish","type":"page","link":"https:\/\/py1.com\/fr\/stella\/","title":{"rendered":"Stella"},"content":{"rendered":"<div data-elementor-type=\"wp-page\" data-elementor-id=\"629\" class=\"elementor elementor-629\" data-elementor-post-type=\"page\">\n\t\t\t\t<div class=\"elementor-element elementor-element-f000f77 e-con-full e-flex e-con e-parent\" data-id=\"f000f77\" data-element_type=\"container\" data-e-type=\"container\" id=\"hero-tte\" data-settings=\"{&quot;background_background&quot;:&quot;video&quot;,&quot;background_video_link&quot;:&quot;https:\\\/\\\/py1.com\\\/wp-content\\\/uploads\\\/2026\\\/02\\\/py1_teaser_stella_header_3.webm&quot;,&quot;background_play_on_mobile&quot;:&quot;yes&quot;}\">\n\t\t<div class=\"elementor-background-video-container\">\n\t\t\t\t\t\t\t<video class=\"elementor-background-video-hosted\" role=\"presentation\" autoplay muted playsinline loop><\/video>\n\t\t\t\t\t<\/div>\t\t<\/div>\n\t\t<div class=\"elementor-element elementor-element-0e17af1 e-flex e-con-boxed e-con e-parent\" data-id=\"0e17af1\" data-element_type=\"container\" data-e-type=\"container\" data-settings=\"{&quot;background_background&quot;:&quot;classic&quot;}\">\n\t\t\t\t\t<div class=\"e-con-inner\">\n\t\t\t\t<div class=\"elementor-element elementor-element-e189c64 elementor-widget elementor-widget-heading\" data-id=\"e189c64\" data-element_type=\"widget\" data-e-type=\"widget\" data-widget_type=\"heading.default\">\n\t\t\t\t\t<h2 class=\"elementor-heading-title elementor-size-default\">Un nouveau spectacle pour toute la famille!<\/h2>\t\t\t\t<\/div>\n\t\t\t\t<div class=\"elementor-element elementor-element-b3f891d elementor-widget elementor-widget-text-editor\" data-id=\"b3f891d\" data-element_type=\"widget\" data-e-type=\"widget\" data-widget_type=\"text-editor.default\">\n\t\t\t\t\t\t\t\t\t<p><em>Stella \u2013 The Time Machine Journey<\/em>\u00a0est un nouveau spectacle multim\u00e9dia participatif dans lequel les enfants et leurs familles sont invit\u00e9s \u00e0 bouger et danser \u00e0 bord de la plus grande machine \u00e0 voyager dans le temps jamais construite!\u00a0<em>Au-del\u00e0 des \u00e9chos<\/em>,\u00a0<em>Stella \u2013 The Time Machine Journey<\/em>\u00a0est la promesse d\u2019une aventure inoubliable pour toute la famille!<\/p>\t\t\t\t\t\t\t\t<\/div>\n\t\t\t\t\t<\/div>\n\t\t\t\t<\/div>\n\t\t<div class=\"elementor-element elementor-element-c9a1ae8 e-flex e-con-boxed e-con e-parent\" data-id=\"c9a1ae8\" data-element_type=\"container\" data-e-type=\"container\" id=\"grille-tte\" data-settings=\"{&quot;background_background&quot;:&quot;classic&quot;}\">\n\t\t\t\t\t<div class=\"e-con-inner\">\n\t\t<div class=\"elementor-element elementor-element-ded796d e-con-full e-flex e-con e-child\" data-id=\"ded796d\" data-element_type=\"container\" data-e-type=\"container\">\n\t\t<div class=\"elementor-element elementor-element-83fa85c e-con-full e-flex e-con e-child\" data-id=\"83fa85c\" data-element_type=\"container\" data-e-type=\"container\">\n\t\t\t\t<div class=\"elementor-element elementor-element-be8f755 elementor-widget elementor-widget-image\" data-id=\"be8f755\" data-element_type=\"widget\" data-e-type=\"widget\" data-widget_type=\"image.default\">\n\t\t\t\t\t\t\t\t\t\t\t\t\t\t\t<img fetchpriority=\"high\" decoding=\"async\" width=\"640\" height=\"642\" src=\"https:\/\/py1.com\/wp-content\/uploads\/2026\/02\/py1_stella_audience-en-1583348764.png\" class=\"attachment-large size-large wp-image-638\" alt=\"\" srcset=\"https:\/\/py1.com\/wp-content\/uploads\/2026\/02\/py1_stella_audience-en-1583348764.png 640w, https:\/\/py1.com\/wp-content\/uploads\/2026\/02\/py1_stella_audience-en-1583348764-300x300.png 300w, https:\/\/py1.com\/wp-content\/uploads\/2026\/02\/py1_stella_audience-en-1583348764-150x150.png 150w\" sizes=\"(max-width: 640px) 100vw, 640px\" \/>\t\t\t\t\t\t\t\t\t\t\t\t\t\t\t<\/div>\n\t\t\t\t<\/div>\n\t\t<div class=\"elementor-element elementor-element-cac5597 e-con-full e-flex e-con e-child\" data-id=\"cac5597\" data-element_type=\"container\" data-e-type=\"container\" id=\"stella-1\" data-settings=\"{&quot;background_background&quot;:&quot;classic&quot;}\">\n\t\t\t\t<div class=\"elementor-element elementor-element-23a0803 elementor-widget elementor-widget-text-editor\" data-id=\"23a0803\" data-element_type=\"widget\" data-e-type=\"widget\" data-widget_type=\"text-editor.default\">\n\t\t\t\t\t\t\t\t\t<div><h2 class=\"max-width-smallest-fluid-from-ph max-width-tiny-fluid-from-sm max-width-tiny-from-lg font-base line-height-tighter text-taller text-huge-fluid-from-sm text-huge-from-lg font-weight-bold transition-title\">Entrez dans la machine \u00e0 voyager le temps<\/h2><\/div><div class=\"max-width-smallest-fluid-from-ph max-width-tiny-fluid-from-sm max-width-tiny-from-lg font-base text-short text-current-fluid-from-sm text-current-from-lg markdown margin-top-broad margin-top-broad-fluid-from-sm margin-top-broad-from-lg transition-text\"><p>Imaginez \u00eatre t\u00e9l\u00e9port\u00e9 il y a 14 milliard d\u2019ann\u00e9es. Vous \u00eates plong\u00e9 dans un monde de projections, de lumi\u00e8re et de son \u00e0 mesure que l\u2019histoire se d\u00e9roule\u2026<\/p><\/div>\t\t\t\t\t\t\t\t<\/div>\n\t\t\t\t<\/div>\n\t\t\t\t<\/div>\n\t\t<div class=\"elementor-element elementor-element-2a6263d e-con-full e-flex e-con e-child\" data-id=\"2a6263d\" data-element_type=\"container\" data-e-type=\"container\">\n\t\t<div class=\"elementor-element elementor-element-561599b e-con-full e-flex e-con e-child\" data-id=\"561599b\" data-element_type=\"container\" data-e-type=\"container\" id=\"stella-2\" data-settings=\"{&quot;background_background&quot;:&quot;classic&quot;}\">\n\t\t\t\t<div class=\"elementor-element elementor-element-c323ad0 elementor-widget elementor-widget-text-editor\" data-id=\"c323ad0\" data-element_type=\"widget\" data-e-type=\"widget\" data-widget_type=\"text-editor.default\">\n\t\t\t\t\t\t\t\t\t<div><h2 class=\"max-width-smallest-fluid-from-ph max-width-tiny-fluid-from-sm max-width-tiny-from-lg font-base line-height-tighter text-taller text-huge-fluid-from-sm text-huge-from-lg font-weight-bold transition-title\">Rejoignez Stella et son \u00e9quipage<\/h2><\/div><div class=\"max-width-smallest-fluid-from-ph max-width-tiny-fluid-from-sm max-width-tiny-from-lg font-base text-short text-current-fluid-from-sm text-current-from-lg markdown margin-top-broad margin-top-broad-fluid-from-sm margin-top-broad-from-lg transition-text\"><p class=\"translation-block\">Avec l\u2019aide de l\u2019intelligence artificielle <em>Stella<\/em> et de ses co-pilotes, apprenez \u00e0 canaliser votre poussi\u00e8re d\u2019\u00e9toiles gr\u00e2ce au flux stellaire, et faites en sorte que la machine vous ram\u00e8ne \u00e0 l\u2019origine des temps!<\/p><\/div>\t\t\t\t\t\t\t\t<\/div>\n\t\t\t\t<\/div>\n\t\t<div class=\"elementor-element elementor-element-d93adbe e-con-full e-flex e-con e-child\" data-id=\"d93adbe\" data-element_type=\"container\" data-e-type=\"container\">\n\t\t\t\t<div class=\"elementor-element elementor-element-ccd07fe elementor-widget elementor-widget-image\" data-id=\"ccd07fe\" data-element_type=\"widget\" data-e-type=\"widget\" data-widget_type=\"image.default\">\n\t\t\t\t\t\t\t\t\t\t\t\t\t\t\t<img decoding=\"async\" width=\"800\" height=\"800\" src=\"https:\/\/py1.com\/wp-content\/uploads\/2026\/02\/stella-copilots-en-1578002966.jpg\" class=\"attachment-large size-large wp-image-637\" alt=\"\" srcset=\"https:\/\/py1.com\/wp-content\/uploads\/2026\/02\/stella-copilots-en-1578002966.jpg 948w, https:\/\/py1.com\/wp-content\/uploads\/2026\/02\/stella-copilots-en-1578002966-300x300.jpg 300w, https:\/\/py1.com\/wp-content\/uploads\/2026\/02\/stella-copilots-en-1578002966-150x150.jpg 150w, https:\/\/py1.com\/wp-content\/uploads\/2026\/02\/stella-copilots-en-1578002966-768x768.jpg 768w\" sizes=\"(max-width: 800px) 100vw, 800px\" \/>\t\t\t\t\t\t\t\t\t\t\t\t\t\t\t<\/div>\n\t\t\t\t<\/div>\n\t\t\t\t<\/div>\n\t\t<div class=\"elementor-element elementor-element-20bb3d4 e-con-full e-flex e-con e-child\" data-id=\"20bb3d4\" data-element_type=\"container\" data-e-type=\"container\">\n\t\t<div class=\"elementor-element elementor-element-7a034b0 e-con-full e-flex e-con e-child\" data-id=\"7a034b0\" data-element_type=\"container\" data-e-type=\"container\">\n\t\t\t\t<div class=\"elementor-element elementor-element-e38061d elementor-widget elementor-widget-image\" data-id=\"e38061d\" data-element_type=\"widget\" data-e-type=\"widget\" data-widget_type=\"image.default\">\n\t\t\t\t\t\t\t\t\t\t\t\t\t\t\t<img decoding=\"async\" width=\"800\" height=\"800\" src=\"https:\/\/py1.com\/wp-content\/uploads\/2026\/02\/asset-1-80-en-1583349059.jpg\" class=\"attachment-large size-large wp-image-639\" alt=\"\" srcset=\"https:\/\/py1.com\/wp-content\/uploads\/2026\/02\/asset-1-80-en-1583349059.jpg 948w, https:\/\/py1.com\/wp-content\/uploads\/2026\/02\/asset-1-80-en-1583349059-300x300.jpg 300w, https:\/\/py1.com\/wp-content\/uploads\/2026\/02\/asset-1-80-en-1583349059-150x150.jpg 150w, https:\/\/py1.com\/wp-content\/uploads\/2026\/02\/asset-1-80-en-1583349059-768x768.jpg 768w\" sizes=\"(max-width: 800px) 100vw, 800px\" \/>\t\t\t\t\t\t\t\t\t\t\t\t\t\t\t<\/div>\n\t\t\t\t<\/div>\n\t\t<div class=\"elementor-element elementor-element-3f9489d e-con-full e-flex e-con e-child\" data-id=\"3f9489d\" data-element_type=\"container\" data-e-type=\"container\" id=\"stella-3\" data-settings=\"{&quot;background_background&quot;:&quot;classic&quot;}\">\n\t\t\t\t<div class=\"elementor-element elementor-element-ca5fb62 elementor-widget elementor-widget-text-editor\" data-id=\"ca5fb62\" data-element_type=\"widget\" data-e-type=\"widget\" data-widget_type=\"text-editor.default\">\n\t\t\t\t\t\t\t\t\t<div><h2 class=\"max-width-smallest-fluid-from-ph max-width-tiny-fluid-from-sm max-width-tiny-from-lg font-base line-height-tighter text-taller text-huge-fluid-from-sm text-huge-from-lg font-weight-bold transition-title\">Chaque saut dans le temps d\u00e9pend de vous!<\/h2><\/div><div class=\"max-width-smallest-fluid-from-ph max-width-tiny-fluid-from-sm max-width-tiny-from-lg font-base text-short text-current-fluid-from-sm text-current-from-lg markdown margin-top-broad margin-top-broad-fluid-from-sm margin-top-broad-from-lg transition-text\"><p>La participation est la cl\u00e9 de l\u2019exp\u00e9rience, et il est essentiel de se lier aux autres passagers! D\u00e8s que vous franchissez le seuil de notre machine \u00e0 remonter le temps, soyez pr\u00eat \u00e0 danser au son de rythmes endiabl\u00e9s et pr\u00e9parez-vous \u00e0 \u00eatre \u00e9tonn\u00e9s par la grandeur de l\u2019univers. Rejoignez-nous pour ce voyage!<\/p><\/div>\t\t\t\t\t\t\t\t<\/div>\n\t\t\t\t<\/div>\n\t\t\t\t<\/div>\n\t\t\t\t\t<\/div>\n\t\t\t\t<\/div>\n\t\t<div class=\"elementor-element elementor-element-e507c82 e-flex e-con-boxed e-con e-parent\" data-id=\"e507c82\" data-element_type=\"container\" data-e-type=\"container\" data-settings=\"{&quot;background_background&quot;:&quot;classic&quot;}\">\n\t\t\t\t\t<div class=\"e-con-inner\">\n\t\t\t\t<div class=\"elementor-element elementor-element-314b1b8 elementor-widget elementor-widget-heading\" data-id=\"314b1b8\" data-element_type=\"widget\" data-e-type=\"widget\" data-widget_type=\"heading.default\">\n\t\t\t\t\t<h2 class=\"elementor-heading-title elementor-size-default\">Ne nous croyez pas sur parole<\/h2>\t\t\t\t<\/div>\n\t\t\t\t<div class=\"elementor-element elementor-element-d84a0d1 elementor-testimonial--align-left blue-testimonials elementor-testimonial--skin-default elementor-testimonial--layout-image_inline elementor-arrows-yes elementor-pagination-type-bullets elementor-widget elementor-widget-testimonial-carousel\" data-id=\"d84a0d1\" data-element_type=\"widget\" data-e-type=\"widget\" data-settings=\"{&quot;slides_per_view&quot;:&quot;3&quot;,&quot;space_between&quot;:{&quot;unit&quot;:&quot;px&quot;,&quot;size&quot;:2,&quot;sizes&quot;:[]},&quot;show_arrows&quot;:&quot;yes&quot;,&quot;pagination&quot;:&quot;bullets&quot;,&quot;speed&quot;:500,&quot;autoplay&quot;:&quot;yes&quot;,&quot;autoplay_speed&quot;:5000,&quot;loop&quot;:&quot;yes&quot;,&quot;pause_on_hover&quot;:&quot;yes&quot;,&quot;pause_on_interaction&quot;:&quot;yes&quot;,&quot;space_between_tablet&quot;:{&quot;unit&quot;:&quot;px&quot;,&quot;size&quot;:10,&quot;sizes&quot;:[]},&quot;space_between_mobile&quot;:{&quot;unit&quot;:&quot;px&quot;,&quot;size&quot;:10,&quot;sizes&quot;:[]}}\" data-widget_type=\"testimonial-carousel.default\">\n\t\t\t\t\t\t\t\t\t\t<div class=\"elementor-main-swiper swiper\" role=\"region\" aria-roledescription=\"carousel\" aria-label=\"Slides\">\n\t\t\t\t<div class=\"swiper-wrapper\">\n\t\t\t\t\t\t\t\t\t\t\t<div class=\"swiper-slide\" role=\"group\" aria-roledescription=\"slide\">\n\t\t\t\t\t\t\t\t\t<div class=\"elementor-testimonial\">\n\t\t\t\t\t\t\t<div class=\"elementor-testimonial__content\">\n\t\t\t\t\t<div class=\"elementor-testimonial__text\">\n\t\t\t\t\t\t\"Nous sommes all\u00e9s voir le spectacle Stella - The Time Machine Journey et l'exp\u00e9rience \u00e9tait fantastique du d\u00e9but \u00e0 la fin! La tente d'hospitalit\u00e9, le food truck et la r\u00e9ception \u00e9taient tous super. 2 mamans et 2 gar\u00e7ons, 15 et 6 ans et nous avons tous autant appr\u00e9ci\u00e9 l'exp\u00e9rience!\"\t\t\t\t\t<\/div>\n\t\t\t\t\t\t\t\t\t<\/div>\n\t\t\t\t\t\t<div class=\"elementor-testimonial__footer\">\n\t\t\t\t\t\t\t\t<cite class=\"elementor-testimonial__cite\"><span class=\"elementor-testimonial__title\">Heather H.<\/span><\/cite>\t\t\t<\/div>\n\t\t<\/div>\n\t\t\t\t\t\t\t\t<\/div>\n\t\t\t\t\t\t\t\t\t\t\t<div class=\"swiper-slide\" role=\"group\" aria-roledescription=\"slide\">\n\t\t\t\t\t\t\t\t\t<div class=\"elementor-testimonial\">\n\t\t\t\t\t\t\t<div class=\"elementor-testimonial__content\">\n\t\t\t\t\t<div class=\"elementor-testimonial__text\">\n\t\t\t\t\t\t\"J'ai \u00e9t\u00e9 voir Stella - The Time Machine Journey aujourd'hui avec toute la famille! Incroyable! Les enfants en parlent encore!\"\t\t\t\t\t<\/div>\n\t\t\t\t\t\t\t\t\t<\/div>\n\t\t\t\t\t\t<div class=\"elementor-testimonial__footer\">\n\t\t\t\t\t\t\t\t<cite class=\"elementor-testimonial__cite\"><span class=\"elementor-testimonial__title\">Autumn J.<\/span><\/cite>\t\t\t<\/div>\n\t\t<\/div>\n\t\t\t\t\t\t\t\t<\/div>\n\t\t\t\t\t\t\t\t\t\t\t<div class=\"swiper-slide\" role=\"group\" aria-roledescription=\"slide\">\n\t\t\t\t\t\t\t\t\t<div class=\"elementor-testimonial\">\n\t\t\t\t\t\t\t<div class=\"elementor-testimonial__content\">\n\t\t\t\t\t<div class=\"elementor-testimonial__text\">\n\t\t\t\t\t\t\"My grandson has autism and I was afraid it would be a sensory overload. To my relief, we had a GREAT time. The show was amazing!\"\t\t\t\t\t<\/div>\n\t\t\t\t\t\t\t\t\t<\/div>\n\t\t\t\t\t\t<div class=\"elementor-testimonial__footer\">\n\t\t\t\t\t\t\t\t<cite class=\"elementor-testimonial__cite\"><span class=\"elementor-testimonial__title\">Tammy A.<\/span><\/cite>\t\t\t<\/div>\n\t\t<\/div>\n\t\t\t\t\t\t\t\t<\/div>\n\t\t\t\t\t\t\t\t\t\t\t<div class=\"swiper-slide\" role=\"group\" aria-roledescription=\"slide\">\n\t\t\t\t\t\t\t\t\t<div class=\"elementor-testimonial\">\n\t\t\t\t\t\t\t<div class=\"elementor-testimonial__content\">\n\t\t\t\t\t<div class=\"elementor-testimonial__text\">\n\t\t\t\t\t\t\"Stella - The Time Machine Journey is an awesome show that captivated my child. She is still dancing and wants to see it again! Visually stunning and love the message. #WeAreAllStardust\"\t\t\t\t\t<\/div>\n\t\t\t\t\t\t\t\t\t<\/div>\n\t\t\t\t\t\t<div class=\"elementor-testimonial__footer\">\n\t\t\t\t\t\t\t\t<cite class=\"elementor-testimonial__cite\"><span class=\"elementor-testimonial__title\">Cathy S.<\/span><\/cite>\t\t\t<\/div>\n\t\t<\/div>\n\t\t\t\t\t\t\t\t<\/div>\n\t\t\t\t\t\t\t\t\t<\/div>\n\t\t\t\t\t\t\t\t\t\t\t\t\t\t\t<div class=\"elementor-swiper-button elementor-swiper-button-prev\" role=\"button\" tabindex=\"0\" aria-label=\"Previous\">\n\t\t\t\t\t\t\t<svg aria-hidden=\"true\" class=\"e-font-icon-svg e-eicon-chevron-left\" viewbox=\"0 0 1000 1000\" xmlns=\"http:\/\/www.w3.org\/2000\/svg\"><path d=\"M646 125C629 125 613 133 604 142L308 442C296 454 292 471 292 487 292 504 296 521 308 533L604 854C617 867 629 875 646 875 663 875 679 871 692 858 704 846 713 829 713 812 713 796 708 779 692 767L438 487 692 225C700 217 708 204 708 187 708 171 704 154 692 142 675 129 663 125 646 125Z\"><\/path><\/svg>\t\t\t\t\t\t<\/div>\n\t\t\t\t\t\t<div class=\"elementor-swiper-button elementor-swiper-button-next\" role=\"button\" tabindex=\"0\" aria-label=\"Next\">\n\t\t\t\t\t\t\t<svg aria-hidden=\"true\" class=\"e-font-icon-svg e-eicon-chevron-right\" viewbox=\"0 0 1000 1000\" xmlns=\"http:\/\/www.w3.org\/2000\/svg\"><path d=\"M696 533C708 521 713 504 713 487 713 471 708 454 696 446L400 146C388 133 375 125 354 125 338 125 325 129 313 142 300 154 292 171 292 187 292 204 296 221 308 233L563 492 304 771C292 783 288 800 288 817 288 833 296 850 308 863 321 871 338 875 354 875 371 875 388 867 400 854L696 533Z\"><\/path><\/svg>\t\t\t\t\t\t<\/div>\n\t\t\t\t\t\t\t\t\t\t\t\t\t\t\t\t<div class=\"swiper-pagination\"><\/div>\n\t\t\t\t\t\t\t\t\t\t\t\t<\/div>\n\t\t\t\t\t\t\t\t<\/div>\n\t\t\t\t\t<\/div>\n\t\t\t\t<\/div>\n\t\t\t\t<\/div>","protected":false},"excerpt":{"rendered":"<p>A new show for the entire family! Stella &#8211; The Time Machine Journey\u00a0is a new 40-minute participatory multimedia show that encourages kids and their families to move and dance in the biggest time machine ever built! Using some incredible images and awe-inspiring music from our show\u00a0Through the Echoes,\u00a0Stella &#8211; The Time Machine Journey\u00a0promises an unforgettable [&hellip;]<\/p>\n","protected":false},"author":1,"featured_media":0,"parent":0,"menu_order":0,"comment_status":"closed","ping_status":"closed","template":"elementor_header_footer","meta":{"footnotes":""},"class_list":["post-629","page","type-page","status-publish","hentry"],"yoast_head":"<!-- This site is optimized with the Yoast SEO plugin v27.4 - https:\/\/yoast.com\/product\/yoast-seo-wordpress\/ -->\n<title>Stella - PY1<\/title>\n<meta name=\"robots\" content=\"index, follow, max-snippet:-1, max-image-preview:large, max-video-preview:-1\" \/>\n<link rel=\"canonical\" href=\"https:\/\/py1.com\/fr\/stella\/\" \/>\n<meta property=\"og:locale\" content=\"fr_CA\" \/>\n<meta property=\"og:type\" content=\"article\" \/>\n<meta property=\"og:title\" content=\"Stella - PY1\" \/>\n<meta property=\"og:description\" content=\"A new show for the entire family! Stella &#8211; The Time Machine Journey\u00a0is a new 40-minute participatory multimedia show that encourages kids and their families to move and dance in the biggest time machine ever built! Using some incredible images and awe-inspiring music from our show\u00a0Through the Echoes,\u00a0Stella &#8211; The Time Machine Journey\u00a0promises an unforgettable [&hellip;]\" \/>\n<meta property=\"og:url\" content=\"https:\/\/py1.com\/fr\/stella\/\" \/>\n<meta property=\"og:site_name\" content=\"PY1\" \/>\n<meta property=\"article:modified_time\" content=\"2026-03-11T19:10:09+00:00\" \/>\n<meta property=\"og:image\" content=\"https:\/\/py1.com\/wp-content\/uploads\/2026\/02\/py1_stella_audience-en-1583348764.png\" \/>\n\t<meta property=\"og:image:width\" content=\"640\" \/>\n\t<meta property=\"og:image:height\" content=\"642\" \/>\n\t<meta property=\"og:image:type\" content=\"image\/png\" \/>\n<meta name=\"twitter:card\" content=\"summary_large_image\" \/>\n<meta name=\"twitter:label1\" content=\"Estimation du temps de lecture\" \/>\n\t<meta name=\"twitter:data1\" content=\"3 minutes\" \/>\n<script type=\"application\/ld+json\" class=\"yoast-schema-graph\">{\"@context\":\"https:\\\/\\\/schema.org\",\"@graph\":[{\"@type\":\"WebPage\",\"@id\":\"https:\\\/\\\/py1.com\\\/stella\\\/\",\"url\":\"https:\\\/\\\/py1.com\\\/stella\\\/\",\"name\":\"Stella - PY1\",\"isPartOf\":{\"@id\":\"https:\\\/\\\/py1.com\\\/#website\"},\"primaryImageOfPage\":{\"@id\":\"https:\\\/\\\/py1.com\\\/stella\\\/#primaryimage\"},\"image\":{\"@id\":\"https:\\\/\\\/py1.com\\\/stella\\\/#primaryimage\"},\"thumbnailUrl\":\"https:\\\/\\\/py1.com\\\/wp-content\\\/uploads\\\/2026\\\/02\\\/py1_stella_audience-en-1583348764.png\",\"datePublished\":\"2026-02-20T17:22:14+00:00\",\"dateModified\":\"2026-03-11T19:10:09+00:00\",\"breadcrumb\":{\"@id\":\"https:\\\/\\\/py1.com\\\/stella\\\/#breadcrumb\"},\"inLanguage\":\"fr-CA\",\"potentialAction\":[{\"@type\":\"ReadAction\",\"target\":[\"https:\\\/\\\/py1.com\\\/stella\\\/\"]}]},{\"@type\":\"ImageObject\",\"inLanguage\":\"fr-CA\",\"@id\":\"https:\\\/\\\/py1.com\\\/stella\\\/#primaryimage\",\"url\":\"https:\\\/\\\/py1.com\\\/wp-content\\\/uploads\\\/2026\\\/02\\\/py1_stella_audience-en-1583348764.png\",\"contentUrl\":\"https:\\\/\\\/py1.com\\\/wp-content\\\/uploads\\\/2026\\\/02\\\/py1_stella_audience-en-1583348764.png\"},{\"@type\":\"BreadcrumbList\",\"@id\":\"https:\\\/\\\/py1.com\\\/stella\\\/#breadcrumb\",\"itemListElement\":[{\"@type\":\"ListItem\",\"position\":1,\"name\":\"Home\",\"item\":\"https:\\\/\\\/py1.com\\\/\"},{\"@type\":\"ListItem\",\"position\":2,\"name\":\"Stella\"}]},{\"@type\":\"WebSite\",\"@id\":\"https:\\\/\\\/py1.com\\\/#website\",\"url\":\"https:\\\/\\\/py1.com\\\/\",\"name\":\"PY1\",\"description\":\"\",\"publisher\":{\"@id\":\"https:\\\/\\\/py1.com\\\/#organization\"},\"potentialAction\":[{\"@type\":\"SearchAction\",\"target\":{\"@type\":\"EntryPoint\",\"urlTemplate\":\"https:\\\/\\\/py1.com\\\/?s={search_term_string}\"},\"query-input\":{\"@type\":\"PropertyValueSpecification\",\"valueRequired\":true,\"valueName\":\"search_term_string\"}}],\"inLanguage\":\"fr-CA\"},{\"@type\":\"Organization\",\"@id\":\"https:\\\/\\\/py1.com\\\/#organization\",\"name\":\"PY1\",\"url\":\"https:\\\/\\\/py1.com\\\/\",\"logo\":{\"@type\":\"ImageObject\",\"inLanguage\":\"fr-CA\",\"@id\":\"https:\\\/\\\/py1.com\\\/#\\\/schema\\\/logo\\\/image\\\/\",\"url\":\"https:\\\/\\\/py1.com\\\/wp-content\\\/uploads\\\/2026\\\/02\\\/py1logo.png\",\"contentUrl\":\"https:\\\/\\\/py1.com\\\/wp-content\\\/uploads\\\/2026\\\/02\\\/py1logo.png\",\"width\":75,\"height\":75,\"caption\":\"PY1\"},\"image\":{\"@id\":\"https:\\\/\\\/py1.com\\\/#\\\/schema\\\/logo\\\/image\\\/\"}}]}<\/script>\n<!-- \/ Yoast SEO plugin. -->","yoast_head_json":{"title":"Stella - PY1","robots":{"index":"index","follow":"follow","max-snippet":"max-snippet:-1","max-image-preview":"max-image-preview:large","max-video-preview":"max-video-preview:-1"},"canonical":"https:\/\/py1.com\/fr\/stella\/","og_locale":"fr_CA","og_type":"article","og_title":"Stella - PY1","og_description":"A new show for the entire family! Stella &#8211; The Time Machine Journey\u00a0is a new 40-minute participatory multimedia show that encourages kids and their families to move and dance in the biggest time machine ever built! Using some incredible images and awe-inspiring music from our show\u00a0Through the Echoes,\u00a0Stella &#8211; The Time Machine Journey\u00a0promises an unforgettable [&hellip;]","og_url":"https:\/\/py1.com\/fr\/stella\/","og_site_name":"PY1","article_modified_time":"2026-03-11T19:10:09+00:00","og_image":[{"width":640,"height":642,"url":"https:\/\/py1.com\/wp-content\/uploads\/2026\/02\/py1_stella_audience-en-1583348764.png","type":"image\/png"}],"twitter_card":"summary_large_image","twitter_misc":{"Estimation du temps de lecture":"3 minutes"},"schema":{"@context":"https:\/\/schema.org","@graph":[{"@type":"WebPage","@id":"https:\/\/py1.com\/stella\/","url":"https:\/\/py1.com\/stella\/","name":"Stella - PY1","isPartOf":{"@id":"https:\/\/py1.com\/#website"},"primaryImageOfPage":{"@id":"https:\/\/py1.com\/stella\/#primaryimage"},"image":{"@id":"https:\/\/py1.com\/stella\/#primaryimage"},"thumbnailUrl":"https:\/\/py1.com\/wp-content\/uploads\/2026\/02\/py1_stella_audience-en-1583348764.png","datePublished":"2026-02-20T17:22:14+00:00","dateModified":"2026-03-11T19:10:09+00:00","breadcrumb":{"@id":"https:\/\/py1.com\/stella\/#breadcrumb"},"inLanguage":"fr-CA","potentialAction":[{"@type":"ReadAction","target":["https:\/\/py1.com\/stella\/"]}]},{"@type":"ImageObject","inLanguage":"fr-CA","@id":"https:\/\/py1.com\/stella\/#primaryimage","url":"https:\/\/py1.com\/wp-content\/uploads\/2026\/02\/py1_stella_audience-en-1583348764.png","contentUrl":"https:\/\/py1.com\/wp-content\/uploads\/2026\/02\/py1_stella_audience-en-1583348764.png"},{"@type":"BreadcrumbList","@id":"https:\/\/py1.com\/stella\/#breadcrumb","itemListElement":[{"@type":"ListItem","position":1,"name":"Home","item":"https:\/\/py1.com\/"},{"@type":"ListItem","position":2,"name":"Stella"}]},{"@type":"WebSite","@id":"https:\/\/py1.com\/#website","url":"https:\/\/py1.com\/","name":"PY1","description":"","publisher":{"@id":"https:\/\/py1.com\/#organization"},"potentialAction":[{"@type":"SearchAction","target":{"@type":"EntryPoint","urlTemplate":"https:\/\/py1.com\/?s={search_term_string}"},"query-input":{"@type":"PropertyValueSpecification","valueRequired":true,"valueName":"search_term_string"}}],"inLanguage":"fr-CA"},{"@type":"Organization","@id":"https:\/\/py1.com\/#organization","name":"PY1","url":"https:\/\/py1.com\/","logo":{"@type":"ImageObject","inLanguage":"fr-CA","@id":"https:\/\/py1.com\/#\/schema\/logo\/image\/","url":"https:\/\/py1.com\/wp-content\/uploads\/2026\/02\/py1logo.png","contentUrl":"https:\/\/py1.com\/wp-content\/uploads\/2026\/02\/py1logo.png","width":75,"height":75,"caption":"PY1"},"image":{"@id":"https:\/\/py1.com\/#\/schema\/logo\/image\/"}}]}},"_links":{"self":[{"href":"https:\/\/py1.com\/fr\/wp-json\/wp\/v2\/pages\/629","targetHints":{"allow":["GET"]}}],"collection":[{"href":"https:\/\/py1.com\/fr\/wp-json\/wp\/v2\/pages"}],"about":[{"href":"https:\/\/py1.com\/fr\/wp-json\/wp\/v2\/types\/page"}],"author":[{"embeddable":true,"href":"https:\/\/py1.com\/fr\/wp-json\/wp\/v2\/users\/1"}],"replies":[{"embeddable":true,"href":"https:\/\/py1.com\/fr\/wp-json\/wp\/v2\/comments?post=629"}],"version-history":[{"count":43,"href":"https:\/\/py1.com\/fr\/wp-json\/wp\/v2\/pages\/629\/revisions"}],"predecessor-version":[{"id":2253,"href":"https:\/\/py1.com\/fr\/wp-json\/wp\/v2\/pages\/629\/revisions\/2253"}],"wp:attachment":[{"href":"https:\/\/py1.com\/fr\/wp-json\/wp\/v2\/media?parent=629"}],"curies":[{"name":"wp","href":"https:\/\/api.w.org\/{rel}","templated":true}]}}