{"id":244,"date":"2026-02-13T14:49:08","date_gmt":"2026-02-13T14:49:08","guid":{"rendered":"https:\/\/py1.com\/?page_id=244"},"modified":"2026-03-17T18:52:09","modified_gmt":"2026-03-17T18:52:09","slug":"cookie-policy","status":"publish","type":"page","link":"https:\/\/py1.com\/fr\/cookie-policy\/","title":{"rendered":"cookie-policy"},"content":{"rendered":"<div data-elementor-type=\"wp-page\" data-elementor-id=\"244\" class=\"elementor elementor-244\" data-elementor-post-type=\"page\">\n\t\t\t\t<div class=\"elementor-element elementor-element-7e5cd0f0 e-con-full e-flex e-con e-parent\" data-id=\"7e5cd0f0\" data-element_type=\"container\" data-e-type=\"container\" data-settings=\"{&quot;background_background&quot;:&quot;classic&quot;,&quot;animation&quot;:&quot;none&quot;}\">\n\t\t\t\t<div class=\"elementor-element elementor-element-01dd2f8 elementor-widget elementor-widget-text-editor\" data-id=\"01dd2f8\" data-element_type=\"widget\" data-e-type=\"widget\" data-widget_type=\"text-editor.default\">\n\t\t\t\t\t\t\t\t\t<section class=\"transition-header-basic\"><div class=\"relative z-index-1 bg-color-base color-base margin-top-large margin-top-large-fluid-from-sm margin-top-large-from-lg margin-top-kilo-to-sm transition-content js-header-content-start\"><div class=\"relative margin-horizontal-auto max-width-perimeter-from-ph max-width-perimeter-fluid-from-sm max-width-perimeter-from-lg padding-horizontal-broader-fluid padding-horizontal-broad-fluid-from-sm padding-horizontal-broad-from-lg padding-vertical-large padding-vertical-large-fluid-from-sm padding-vertical-large-from-lg\"><h1 class=\"max-width-bigger-fluid-from-ph max-width-smaller-fluid-from-sm max-width-smaller-from-lg font-weight-bold font-base line-height-tighter text-taller text-hugest-fluid text-hugest-fluid-from-sm text-hugest-from-lg transition-title\">Politique sur les t\u00e9moins<\/h1><\/div><\/div><\/section><div class=\"bg-color-base color-base overflow-hidden transition-color-bg-color transition-duration-fast transition-ease-standard-out relative z-index-1\"><div class=\"relative z-index-2 transition-layout-content js-transition-content-end-ref\"><section class=\"margin-bottom-largest margin-bottom-largest-fluid-from-sm margin-bottom-largest-from-lg margin-horizontal-auto padding-horizontal-broader-fluid padding-horizontal-broad-fluid-from-sm padding-horizontal-broad-from-lg max-width-perimeter-from-ph max-width-perimeter-fluid-from-sm max-width-perimeter-from-lg\"><div class=\"max-width-bigger-fluid-from-ph max-width-smaller-fluid-from-sm max-width-smaller-from-lg font-base text-short text-current-fluid-from-sm text-current-from-lg line-height-loose markdown\"><p class=\"translation-block\">Derni\u00e8re mise \u00e0 jour : 1er novembre 2018<\/p><p class=\"translation-block\">La pr\u00e9sente Politique sur les t\u00e9moins (\u00ab cookies \u00bb) s'applique au site Internet (le \u00ab Site \u00bb). Elle d\u00e9crit comment Lune Rouge Divertissement inc.\/Lune Rouge Entertainment Inc. (collectivement avec ses filiales et les membres de son groupe, \u00ab Lune Rouge \u00bb) traitent les informations recueillies vous concernant lorsque vous naviguez le Site et comment vous pouvez g\u00e9rer vos pr\u00e9f\u00e9rences. Dans la pr\u00e9sente Politique sur les t\u00e9moins, les termes \u00ab t\u00e9moins \u00bb ou \u00ab t\u00e9moin \u00bb englobent \u00e9galement les technologies similaires telles que les pixels, les objets partag\u00e9s localement, les t\u00e9moins Flash, les pixels invisibles, les bogues Web, les empreintes digitales d'appareils ou les identificateurs cach\u00e9s.<\/p><h3 class=\"h3\">QU\u2019EST-CE QU\u2019UN T\u00c9MOIN ?<\/h3><p class=\"translation-block\">Un t\u00e9moin est un identificateur alphanum\u00e9rique en ligne qui est stock\u00e9 sur votre ordinateur, votre tablette ou votre appareil mobile (l\u2019\u00ab appareil \u00bb) lorsque vous naviguez le Site. Il nous permet de collecter certains renseignements sur vous et votre utilisation du Site. Cela nous permet d'am\u00e9liorer le fonctionnement du Site, de r\u00e9pondre \u00e0 vos demandes li\u00e9es au Site, de conserver vos pr\u00e9f\u00e9rences\/r\u00e9glages pour le Site, de vous offrir une exp\u00e9rience optimale sur le Site, de personnaliser les services sur le Site et son contenu, ainsi que de vous envoyer des annonces publicitaires adapt\u00e9es \u00e0 vos int\u00e9r\u00eats, et ce, conform\u00e9ment aux lois applicables.<\/p><h3 class=\"h3\">POURQUOI UTILISONS-NOUS LES T\u00c9MOINS ?<\/h3><p>Les t\u00e9moins nous permettent de vous offrir une meilleure exp\u00e9rience de navigation en retenant les pages de notre Site que vous avez d\u00e9j\u00e0 visit\u00e9es et, dans certains cas, en enregistrant vos pr\u00e9f\u00e9rences pour personnaliser votre prochaine visite.<\/p><p>Nous d\u00e9posons des t\u00e9moins sur votre appareil pour les raisons suivantes :<\/p><ul><li>contribuer \u00e0 une meilleure exp\u00e9rience de navigation et vous aider \u00e0 trouver les informations que vous cherchez plus rapidement;<\/li><li>permettre \u00e0 notre Site de personnaliser vos prochaines visites<\/li><li>\u00e9valuer l'audience de notre Site<\/li><li>vous pr\u00e9senter des annonces publicitaires personnalis\u00e9es.<\/li><\/ul><h3 class=\"h3\">QUELS TYPES DE T\u00c9MOINS UTILISONS-NOUS ?<\/h3><p>Lorsque vous naviguez le Site, diff\u00e9rents types de t\u00e9moins sont d\u00e9pos\u00e9s et enregistr\u00e9s sur votre appareil. Voici plus de renseignements sur les t\u00e9moins :<\/p><h4 class=\"h4\">T\u00e9moins de premi\u00e8re partie vs t\u00e9moins de tierce partie (ou \u00ab cookies tiers \u00bb)<\/h4><p>Un t\u00e9moin de premi\u00e8re partie est un t\u00e9moin que nous pla\u00e7ons dans votre appareil, alors qu'un t\u00e9moin de tierce partie est un t\u00e9moin plac\u00e9 par une autre soci\u00e9t\u00e9 (telle qu'un de nos partenaires).<\/p><p class=\"translation-block\">Le Site contient des contenus de tierces parties ainsi que des liens hypertextes vers les sites, localisations, plateformes et services de tierces parties (les \u00ab Services de Tierce Partie \u00bb). De plus, notre Site contient des t\u00e9moins g\u00e9r\u00e9s par des tierces parties. Par exemple, nous utilisons les services de mesures d\u2019audience et d\u2019analyses de certaines tierce parties, telles que Reporting, Google Analytics Demographics et Interest Reporting ainsi que d\u2019autres services int\u00e9gr\u00e9s qui n\u00e9cessitent la collecte d\u2019information par Google Analytics, notamment la collecte d\u2019information via des t\u00e9moins. De la m\u00eame mani\u00e8re, les services de r\u00e9gie publicitaires, les annonceurs et d\u2019autres 2 tierces parties peuvent utiliser les t\u00e9moins sur notre Site et les Services de Tierce Partie pour suivre vos activit\u00e9s \u00e0 travers les diff\u00e9rents services et dans le temps, et ainsi personnaliser les publicit\u00e9s en se basant sur vos activit\u00e9s, ce qui peut impliquer notamment que vous soit propos\u00e9 une publicit\u00e9 sur un Service de Tierce Partie ou un appareil de tierce partie apr\u00e8s que vous ayez quitt\u00e9 le Site (la \u00ab publicit\u00e9 personnalis\u00e9e \u00bb).<\/p><h4 class=\"h4\">T\u00e9moins de session vs t\u00e9moins persistants<\/h4><p>Un t\u00e9moin de session est un t\u00e9moin qui est enregistr\u00e9 temporairement sur votre appareil; il appara\u00eet lorsque vous acc\u00e9dez au Site et il dispara\u00eet lorsque vous fermez la fen\u00eatre de votre navigateur Internet.<\/p><p>Un t\u00e9moin persistant est un t\u00e9moin qui reste stock\u00e9 sur votre appareil pendant une p\u00e9riode de temps d\u00e9termin\u00e9e pour nous permettre de retenir vos pr\u00e9f\u00e9rences pour vos prochaines visites.<\/p><h4 class=\"h4\">T\u00e9moins strictement n\u00e9cessaires<\/h4><p>Ces t\u00e9moins sont essentiels \u00e0 votre navigation sur le Site et \u00e0 son bon fonctionnement. Ils vous permettent d'utiliser les fonctionnalit\u00e9s du Site et les services que vous demandez sur le Site. Par exemple, ces t\u00e9moins nous aident \u00e0 retenir la r\u00e9solution de l'\u00e9cran de votre appareil.<\/p><p>Ils sont \u00e9galement essentiels pour vous permettre d'acc\u00e9der aux zones s\u00e9curis\u00e9es du Site.<\/p><p>Voici une liste des principaux t\u00e9moins strictement n\u00e9cessaires qui sont utilis\u00e9s sur le Site.<\/p><div class=\"table-ctn\"><table><thead><tr><th align=\"center\">Nom du t\u00e9moin<\/th><th align=\"center\">Premi\u00e8re partie<\/th><th align=\"center\">Tierce partie<\/th><th align=\"center\">Session<\/th><th align=\"center\">Persistant<\/th><\/tr><\/thead><tbody><tr><td align=\"center\">fr<\/td><td align=\"center\">\u00a0<\/td><td align=\"center\">X<\/td><td align=\"center\">\u00a0<\/td><td align=\"center\">X<\/td><\/tr><tr><td align=\"center\">_fbp<\/td><td align=\"center\">X<\/td><td align=\"center\">\u00a0<\/td><td align=\"center\">\u00a0<\/td><td align=\"center\">X<\/td><\/tr><tr><td align=\"center\">ARRAffinity<\/td><td align=\"center\">X<\/td><td align=\"center\">\u00a0<\/td><td align=\"center\">\u00a0<\/td><td align=\"center\">\u00a0<\/td><\/tr><tr><td align=\"center\">AVESTA_ENVIRONMENT<\/td><td align=\"center\">X<\/td><td align=\"center\">\u00a0<\/td><td align=\"center\">X<\/td><td align=\"center\">\u00a0<\/td><\/tr><\/tbody><\/table><\/div><h4 class=\"h4\">T\u00e9moins de performance<\/h4><p>Ces t\u00e9moins sont n\u00e9cessaires pour retenir les choix que vous faites lorsque vous naviguez le Site, notamment votre pr\u00e9f\u00e9rence de langue. Ils identifient \u00e9galement la r\u00e9gion o\u00f9 vous vous trouvez lorsque vous naviguez le Site. Voici une liste des principaux t\u00e9moins de fonctionnalit\u00e9 qui sont utilis\u00e9s sur le Site.<\/p><div class=\"table-ctn\"><table><thead><tr><th align=\"center\">Nom du t\u00e9moin<\/th><th align=\"center\">Premi\u00e8re partie<\/th><th align=\"center\">Tierce partie<\/th><th align=\"center\">Session<\/th><th align=\"center\">Persistant<\/th><\/tr><\/thead><tbody><tr><td align=\"center\">_dc_gtm_UA128374157-1<\/td><td align=\"center\">X<\/td><td align=\"center\">\u00a0<\/td><td align=\"center\">X<\/td><td align=\"center\">\u00a0<\/td><\/tr><tr><td align=\"center\">_ga<\/td><td align=\"center\">X<\/td><td align=\"center\">\u00a0<\/td><td align=\"center\">\u00a0<\/td><td align=\"center\">X<\/td><\/tr><tr><td align=\"center\">_gat<\/td><td align=\"center\">\u00a0<\/td><td align=\"center\">\u00a0<\/td><td align=\"center\">X<\/td><td align=\"center\">\u00a0<\/td><\/tr><tr><td align=\"center\">_gid<\/td><td align=\"center\">X<\/td><td align=\"center\">\u00a0<\/td><td align=\"center\">X<\/td><td align=\"center\">\u00a0<\/td><\/tr><\/tbody><\/table><\/div><h4 class=\"h4\">T\u00e9moins de fonctionnalit\u00e9<\/h4><p>Ces t\u00e9moins sont n\u00e9cessaires pour retenir les choix que vous faites lorsque vous naviguez le Site, notamment votre pr\u00e9f\u00e9rence de langue. Ils identifient \u00e9galement la r\u00e9gion o\u00f9 vous vous trouvez lorsque vous naviguez le Site. Voici une liste des principaux t\u00e9moins de fonctionnalit\u00e9 qui sont utilis\u00e9s sur le Site.<\/p><div class=\"table-ctn\"><table><thead><tr><th align=\"center\">Nom du t\u00e9moin<\/th><th align=\"center\">Premi\u00e8re partie<\/th><th align=\"center\">Tierce partie<\/th><th align=\"center\">Session<\/th><th align=\"center\">Persistant<\/th><\/tr><\/thead><tbody><tr><td align=\"center\">ARRAffinity<\/td><td align=\"center\">X<\/td><td align=\"center\">\u00a0<\/td><td align=\"center\">\u00a0<\/td><td align=\"center\">\u00a0<\/td><\/tr><tr><td align=\"center\">AVESTA_ENVIRONMENT<\/td><td align=\"center\">X<\/td><td align=\"center\">\u00a0<\/td><td align=\"center\">X<\/td><td align=\"center\">\u00a0<\/td><\/tr><\/tbody><\/table><\/div><h4 class=\"h4\">T\u00e9moins publicitaires et de publicit\u00e9 personnalis\u00e9e<\/h4><p>Ces t\u00e9moins collectent des renseignements sur votre comportement sur le Site. Ils sont utilis\u00e9s pour personnaliser la publicit\u00e9 selon vos int\u00e9r\u00eats. Il peut s\u2019agir de t\u00e9moins de premi\u00e8re partie ou de t\u00e9moins de tierce partie. Ces t\u00e9moins sont des t\u00e9moins persistants. Par cons\u00e9quent, ils restent stock\u00e9s sur votre appareil pendant la p\u00e9riode \u00e9tablie dans le t\u00e9moin. La liste des t\u00e9moins publicitaires de publicit\u00e9 personnalis\u00e9e est disponible en cliquant\u00a0<a href=\"https:\/\/py1.com\/fr\/workspace\/uploads\/files\/list-of-advertising-cookies-en.pdf\/\" target=\"_blank\" rel=\"noopener\">ici<\/a>.<\/p><h4 class=\"h4\">T\u00e9moins de mesure d'audience<\/h4><p>Comme indiqu\u00e9 pr\u00e9c\u00e9demment, notre Site utilise les t\u00e9moins Google Analytics pour mesurer et suivre la performance de notre Site et nous permettre d'optimiser votre exp\u00e9rience en ligne. Vous trouverez plus de d\u00e9tails sur ces t\u00e9moins \u00e0 l'adresse suivante :<\/p><p><a href=\"https:\/\/developers.google.com\/analytics\/resources\/concepts\/gaConceptsCookies\" target=\"_blank\" rel=\"noopener\">https:\/\/developers.google.com\/analytics\/resources\/concepts\/gaConceptsCookies<\/a>.<\/p><p class=\"translation-block\">Si vous ne voulez pas que Google Analytics suive vos activit\u00e9s non seulement sur notre Site, mais \u00e9galement sur les autres sites Internet, veuillez consulter le site Internet suivant : http:\/\/tools.google.com\/dlpage\/gaoptout<\/p><h4 class=\"h4\">Modules d'extension des m\u00e9dias sociaux (ou \u00ab cookies de r\u00e9seaux sociaux \u00bb)<\/h4><p>Notre Site utilise divers modules d'extension fournis par la plupart des plateformes de m\u00e9dias sociaux (p. ex., facebook.com, instagram.com, youtube.com et twitter.com) afin de vous permettre d'interagir avec nous sur ces plateformes (en s\u00e9lectionnant l'option \u00ab J'aime \u00bb sur notre page Internet, en partageant des publications depuis notre page Internet, etc.).<\/p><p>En naviguant le Site, vos donn\u00e9es de navigation peuvent \u00eatre transf\u00e9r\u00e9es directement \u00e0 la plateforme du m\u00e9dia social concern\u00e9, m\u00eame sans interaction directe de votre part, du fait de la seule pr\u00e9sence des boutons sur notre Site. Nous ne contr\u00f4lons aucunement ces t\u00e9moins. Veuillez consulter la politique de confidentialit\u00e9 de chacun de ces m\u00e9dias sociaux pour en savoir plus sur le fonctionnement de ces t\u00e9moins.<\/p><p class=\"translation-block\">Vous pouvez \u00e9galement choisir de nous donner la permission d\u2019acc\u00e9der \u00e0 certaines informations vous concernant depuis ces plateformes de m\u00e9dias sociaux (p. ex., en vous connectant via les r\u00e9seaux tels que Facebook, Twitter, YouTube, Instagram, Tumblr and Snapchat). Lorsque vous le faites, vous nous permettez de collecter des informations en fonction de vos param\u00e8tres sur ces plateformes et en conformit\u00e9 avec les politiques de confidentialit\u00e9 de ces Services de Tierce Partie. Il vous appartient de contr\u00f4ler vos param\u00e8tres et de lire et comprendre ces politiques de confidentialit\u00e9. Veuillez noter toutefois que les param\u00e8tres de confidentialit\u00e9 que vous avez r\u00e9gl\u00e9 sur ces Services de Tierce Partie ne s\u2019appliquent pas aux informations que nous avons coll ect\u00e9 et\/ou aux activit\u00e9s de traitements que nous pourrons mettre en \u0153uvre avec ces informations. Les activit\u00e9s de traitement mises en \u0153uvre au moyen des informations que nous collectons via ces Services de Tierce Partie seront gouvern\u00e9es par cette Politique sur les T\u00e9moins et notre Politique de Confidentialit\u00e9. Si vous r\u00e9f\u00e9rencez publiquement notre Site sur un Service de Tierce Partie (p. ex., en utilisant un hashtag associ\u00e9 \u00e0 nous dans un tweet ou une publication), nous pourrons utiliser ce r\u00e9f\u00e9rencement sur ou en connexion avec notre Site.<\/p><h4 class=\"h4\">COMMENT PUIS-JE G\u00c9RER MES PR\u00c9F\u00c9RENCES ?<\/h4><p>Vous pouvez r\u00e9gler votre navigateur pour qu'il bloque les t\u00e9moins, y compris ceux qui sont li\u00e9s \u00e0 nos services. Cependant, il est important de ne pas oublier qu'il est possible que certaines fonctionnalit\u00e9s du Site ne fonctionnent pas correctement si les t\u00e9moins sont d\u00e9sactiv\u00e9s. Les t\u00e9moins vous permettent de profiter pleinement des meilleures fonctionnalit\u00e9s du Site. Nous vous recommandons donc d\u2019autoriser leur d\u00e9p\u00f4t.<\/p><p>Voici quelques exemples sur la mani\u00e8re de configurer vos pr\u00e9f\u00e9rences relatives aux T\u00e9moins pour les principaux navigateurs :<\/p><ul><li>For Internet Explorer (9, 10, 11), select:<ul><li>Tools<\/li><li>Internet Options<\/li><li>Confidentiality<\/li><li>Set according to your choice<\/li><\/ul><\/li><li>For Chrome, select:<ul><li>Settings<\/li><li>Show Advanced Options<\/li><li>Confidentiality<\/li><li>Set according to your choice<\/li><\/ul><\/li><li>For Mozilla Firefox, select:<ul><li>Menu \u201cTools\u201d<\/li><li>Options<\/li><li>\u201cPrivacy\u201d Tab<\/li><li>Set according to your choice<\/li><\/ul><\/li><li>For Safari, select:<ul><li>Preferences<\/li><li>Confidentiality<\/li><li>Set according to your choice<\/li><\/ul><\/li><\/ul><p>Vous pouvez \u00e9galement utiliser la fonction d'aide depuis la barre d\u2019outils de votre navigateur pour emp\u00eacher votre navigateur d'accepter les nouveaux t\u00e9moins, pour qu\u2019il vous envoie un message d\u2019avertissement d\u00e8s le d\u00e9p\u00f4t d\u2019un nouveau t\u00e9moin ou pour d\u00e9sactiver compl\u00e8tement les t\u00e9moins.<\/p><p class=\"translation-block\">Vous pouvez exercer vos choix concernant la r\u00e9ception de publicit\u00e9 personnalis\u00e9e en exer\u00e7ant vos droits d\u2019opposition. Certains des annonceurs et prestataires de services qui nous fournissent des services relatifs \u00e0 la publicit\u00e9, ainsi que certains de nos partenaires font partie de la Digital Advertising Alliance (la \u00ab DAA \u00bb), un programme auto-r\u00e9gul\u00e9 pour la publicit\u00e9 comportementale en ligne. Pour en savoir plus sur la mani\u00e8re d\u2019exercer certains de vos choix concernant la publicit\u00e9 personnalis\u00e9e, rendez-vous sur le site http:\/\/www.aboutads.info\/choices. Certaines de ces soci\u00e9t\u00e9s peuvent \u00e9galement \u00eatre membres de la Network Advertising Initiative (la \u00ab NAI \u00bb). Pour en savoir plus \u00e0 propos de la NAI et des possibilit\u00e9s qui vous sont offertes pour vous opposer \u00e0 la 5 publicit\u00e9 personnalis\u00e9e pour les soci\u00e9t\u00e9s qui en sont membres, rendez-vous sur http:\/\/www.networkadvertising.org\/choices\/. Veuillez toutefois noter que m\u00eame si vous \u00eates en mesure de vous opposer \u00e0 certaines publicit\u00e9s personnalis\u00e9es, vous pourrez toutefois continuer \u00e0 recevoir ou voir les autres types de publicit\u00e9s. Votre opposition signifie seulement que les membres s\u00e9lectionn\u00e9s ne pourront plus vous d\u00e9livrer de la publicit\u00e9 personnalis\u00e9e, mais ne signifie pas que vous ne recevrez plus de contenu cibl\u00e9 et\/ou de publicit\u00e9 (p. ex. d\u2019autres r\u00e9seaux de publicit\u00e9 ou bien tout simplement de l\u2019affichage de publicit\u00e9 basique non bas\u00e9e sur vos int\u00e9r\u00eats). Nous ne sommes pas responsables du caract\u00e8re effectif ou de la conformit\u00e9 des m\u00e9canismes d\u2019opposition ou des programmes auxquels ces tierces parties ont souscrit ou m\u00eame encore concernant la v\u00e9racit\u00e9 de leurs engagements \u00e0 ces programmes.<\/p><h3 class=\"h3\">CONTACTEZ-NOUS<\/h3><p>Toutes les demandes li\u00e9es \u00e0 notre Politique sur les t\u00e9moins peuvent \u00eatre transmises \u00e0 l'adresse courriel info@py1.com ou par la poste \u00e0 l'adresse postale suivante \u00e0 l\u2019attention du D\u00e9partement des services juridiques :<\/p><p><strong>Lune Rouge Divertissement inc.\/Lune Rouge Entertainment Inc.<\/strong><br \/>2200 Stanley Street<br \/>Montr\u00e9al, Qu\u00e9bec<br \/>Canada H3A 1R6<\/p><\/div><\/section><\/div><\/div>\t\t\t\t\t\t\t\t<\/div>\n\t\t\t\t<\/div>\n\t\t\t\t<\/div>","protected":false},"excerpt":{"rendered":"<p>Cookie policy Last update: November 1st, 2018 This Cookie Policy applies to\u00a0the website\u00a0(the \u201cWebsite\u201d). It describes how Lune Rouge Divertissement inc.\/Lune Rouge Entertainment Inc. (collectively with its subsidiaries and affiliates, \u201cLune Rouge\u201d) process the information that is collected about you while you browse the Website and how you can manage your preferences. In this Cookie [&hellip;]<\/p>\n","protected":false},"author":1,"featured_media":0,"parent":0,"menu_order":0,"comment_status":"closed","ping_status":"closed","template":"elementor_header_footer","meta":{"footnotes":""},"class_list":["post-244","page","type-page","status-publish","hentry"],"yoast_head":"<!-- This site is optimized with the Yoast SEO plugin v27.4 - https:\/\/yoast.com\/product\/yoast-seo-wordpress\/ -->\n<title>cookie-policy - PY1<\/title>\n<meta name=\"robots\" content=\"index, follow, max-snippet:-1, max-image-preview:large, max-video-preview:-1\" \/>\n<link rel=\"canonical\" href=\"https:\/\/py1.com\/fr\/cookie-policy\/\" \/>\n<meta property=\"og:locale\" content=\"fr_CA\" \/>\n<meta property=\"og:type\" content=\"article\" \/>\n<meta property=\"og:title\" content=\"cookie-policy - PY1\" \/>\n<meta property=\"og:description\" content=\"Cookie policy Last update: November 1st, 2018 This Cookie Policy applies to\u00a0the website\u00a0(the \u201cWebsite\u201d). It describes how Lune Rouge Divertissement inc.\/Lune Rouge Entertainment Inc. (collectively with its subsidiaries and affiliates, \u201cLune Rouge\u201d) process the information that is collected about you while you browse the Website and how you can manage your preferences. In this Cookie [&hellip;]\" \/>\n<meta property=\"og:url\" content=\"https:\/\/py1.com\/fr\/cookie-policy\/\" \/>\n<meta property=\"og:site_name\" content=\"PY1\" \/>\n<meta property=\"article:modified_time\" content=\"2026-03-17T18:52:09+00:00\" \/>\n<meta name=\"twitter:card\" content=\"summary_large_image\" \/>\n<meta name=\"twitter:label1\" content=\"Estimation du temps de lecture\" \/>\n\t<meta name=\"twitter:data1\" content=\"7 minutes\" \/>\n<script type=\"application\/ld+json\" class=\"yoast-schema-graph\">{\"@context\":\"https:\\\/\\\/schema.org\",\"@graph\":[{\"@type\":\"WebPage\",\"@id\":\"https:\\\/\\\/py1.com\\\/cookie-policy\\\/\",\"url\":\"https:\\\/\\\/py1.com\\\/cookie-policy\\\/\",\"name\":\"cookie-policy - PY1\",\"isPartOf\":{\"@id\":\"https:\\\/\\\/py1.com\\\/#website\"},\"datePublished\":\"2026-02-13T14:49:08+00:00\",\"dateModified\":\"2026-03-17T18:52:09+00:00\",\"breadcrumb\":{\"@id\":\"https:\\\/\\\/py1.com\\\/cookie-policy\\\/#breadcrumb\"},\"inLanguage\":\"fr-CA\",\"potentialAction\":[{\"@type\":\"ReadAction\",\"target\":[\"https:\\\/\\\/py1.com\\\/cookie-policy\\\/\"]}]},{\"@type\":\"BreadcrumbList\",\"@id\":\"https:\\\/\\\/py1.com\\\/cookie-policy\\\/#breadcrumb\",\"itemListElement\":[{\"@type\":\"ListItem\",\"position\":1,\"name\":\"Home\",\"item\":\"https:\\\/\\\/py1.com\\\/\"},{\"@type\":\"ListItem\",\"position\":2,\"name\":\"cookie-policy\"}]},{\"@type\":\"WebSite\",\"@id\":\"https:\\\/\\\/py1.com\\\/#website\",\"url\":\"https:\\\/\\\/py1.com\\\/\",\"name\":\"PY1\",\"description\":\"\",\"publisher\":{\"@id\":\"https:\\\/\\\/py1.com\\\/#organization\"},\"potentialAction\":[{\"@type\":\"SearchAction\",\"target\":{\"@type\":\"EntryPoint\",\"urlTemplate\":\"https:\\\/\\\/py1.com\\\/?s={search_term_string}\"},\"query-input\":{\"@type\":\"PropertyValueSpecification\",\"valueRequired\":true,\"valueName\":\"search_term_string\"}}],\"inLanguage\":\"fr-CA\"},{\"@type\":\"Organization\",\"@id\":\"https:\\\/\\\/py1.com\\\/#organization\",\"name\":\"PY1\",\"url\":\"https:\\\/\\\/py1.com\\\/\",\"logo\":{\"@type\":\"ImageObject\",\"inLanguage\":\"fr-CA\",\"@id\":\"https:\\\/\\\/py1.com\\\/#\\\/schema\\\/logo\\\/image\\\/\",\"url\":\"https:\\\/\\\/py1.com\\\/wp-content\\\/uploads\\\/2026\\\/02\\\/py1logo.png\",\"contentUrl\":\"https:\\\/\\\/py1.com\\\/wp-content\\\/uploads\\\/2026\\\/02\\\/py1logo.png\",\"width\":75,\"height\":75,\"caption\":\"PY1\"},\"image\":{\"@id\":\"https:\\\/\\\/py1.com\\\/#\\\/schema\\\/logo\\\/image\\\/\"}}]}<\/script>\n<!-- \/ Yoast SEO plugin. -->","yoast_head_json":{"title":"cookie-policy - PY1","robots":{"index":"index","follow":"follow","max-snippet":"max-snippet:-1","max-image-preview":"max-image-preview:large","max-video-preview":"max-video-preview:-1"},"canonical":"https:\/\/py1.com\/fr\/cookie-policy\/","og_locale":"fr_CA","og_type":"article","og_title":"cookie-policy - PY1","og_description":"Cookie policy Last update: November 1st, 2018 This Cookie Policy applies to\u00a0the website\u00a0(the \u201cWebsite\u201d). It describes how Lune Rouge Divertissement inc.\/Lune Rouge Entertainment Inc. (collectively with its subsidiaries and affiliates, \u201cLune Rouge\u201d) process the information that is collected about you while you browse the Website and how you can manage your preferences. In this Cookie [&hellip;]","og_url":"https:\/\/py1.com\/fr\/cookie-policy\/","og_site_name":"PY1","article_modified_time":"2026-03-17T18:52:09+00:00","twitter_card":"summary_large_image","twitter_misc":{"Estimation du temps de lecture":"7 minutes"},"schema":{"@context":"https:\/\/schema.org","@graph":[{"@type":"WebPage","@id":"https:\/\/py1.com\/cookie-policy\/","url":"https:\/\/py1.com\/cookie-policy\/","name":"cookie-policy - PY1","isPartOf":{"@id":"https:\/\/py1.com\/#website"},"datePublished":"2026-02-13T14:49:08+00:00","dateModified":"2026-03-17T18:52:09+00:00","breadcrumb":{"@id":"https:\/\/py1.com\/cookie-policy\/#breadcrumb"},"inLanguage":"fr-CA","potentialAction":[{"@type":"ReadAction","target":["https:\/\/py1.com\/cookie-policy\/"]}]},{"@type":"BreadcrumbList","@id":"https:\/\/py1.com\/cookie-policy\/#breadcrumb","itemListElement":[{"@type":"ListItem","position":1,"name":"Home","item":"https:\/\/py1.com\/"},{"@type":"ListItem","position":2,"name":"cookie-policy"}]},{"@type":"WebSite","@id":"https:\/\/py1.com\/#website","url":"https:\/\/py1.com\/","name":"PY1","description":"","publisher":{"@id":"https:\/\/py1.com\/#organization"},"potentialAction":[{"@type":"SearchAction","target":{"@type":"EntryPoint","urlTemplate":"https:\/\/py1.com\/?s={search_term_string}"},"query-input":{"@type":"PropertyValueSpecification","valueRequired":true,"valueName":"search_term_string"}}],"inLanguage":"fr-CA"},{"@type":"Organization","@id":"https:\/\/py1.com\/#organization","name":"PY1","url":"https:\/\/py1.com\/","logo":{"@type":"ImageObject","inLanguage":"fr-CA","@id":"https:\/\/py1.com\/#\/schema\/logo\/image\/","url":"https:\/\/py1.com\/wp-content\/uploads\/2026\/02\/py1logo.png","contentUrl":"https:\/\/py1.com\/wp-content\/uploads\/2026\/02\/py1logo.png","width":75,"height":75,"caption":"PY1"},"image":{"@id":"https:\/\/py1.com\/#\/schema\/logo\/image\/"}}]}},"_links":{"self":[{"href":"https:\/\/py1.com\/fr\/wp-json\/wp\/v2\/pages\/244","targetHints":{"allow":["GET"]}}],"collection":[{"href":"https:\/\/py1.com\/fr\/wp-json\/wp\/v2\/pages"}],"about":[{"href":"https:\/\/py1.com\/fr\/wp-json\/wp\/v2\/types\/page"}],"author":[{"embeddable":true,"href":"https:\/\/py1.com\/fr\/wp-json\/wp\/v2\/users\/1"}],"replies":[{"embeddable":true,"href":"https:\/\/py1.com\/fr\/wp-json\/wp\/v2\/comments?post=244"}],"version-history":[{"count":10,"href":"https:\/\/py1.com\/fr\/wp-json\/wp\/v2\/pages\/244\/revisions"}],"predecessor-version":[{"id":2512,"href":"https:\/\/py1.com\/fr\/wp-json\/wp\/v2\/pages\/244\/revisions\/2512"}],"wp:attachment":[{"href":"https:\/\/py1.com\/fr\/wp-json\/wp\/v2\/media?parent=244"}],"curies":[{"name":"wp","href":"https:\/\/api.w.org\/{rel}","templated":true}]}}